{"id":159,"date":"2021-10-13T22:01:00","date_gmt":"2021-10-13T22:01:00","guid":{"rendered":"https:\/\/whperron.com\/en\/hardiness-zone\/"},"modified":"2021-10-13T22:01:30","modified_gmt":"2021-10-13T22:01:30","slug":"hardiness-zone","status":"publish","type":"page","link":"https:\/\/whperron.com\/en\/hardiness-zone\/","title":{"rendered":"Hardiness zone"},"content":{"rendered":"<p>Pour obtenir les meilleurs r\u00e9sultats, assurez-vous que les semences que vous commandez sont recommand\u00e9es pour la zone de rusticit\u00e9 de votre r\u00e9gion.<\/p>\n<p><strong>C&#8217;est facile de trouver votre zone de rusticit\u00e9<\/strong><\/p>\n<p>Dans la case Ma zone de rusticit\u00e9 de page web<br \/>\n\u2022 Entrez votre code postal et ensuite \u00ab rechercher\u00bb = votre num\u00e9ro de zone s&#8217;affichera.<br \/>\n\u2022 \u00abM\u00e9moriser ma zone\u00bb et elle sera toujours affich\u00e9e \u00e0 la section \u00abMa zone de rusticit\u00e9\u00bb.<br \/>\n<img decoding=\"async\" class=\"alignnone size-full wp-image-2577 lazyload\" data-src=\"https:\/\/whperron.com\/wp-content\/uploads\/2020\/10\/Zone-de-rusticit\u00e9.jpg\" alt=\"\" width=\"1120\" height=\"872\" src=\"data:image\/svg+xml;base64,PHN2ZyB3aWR0aD0iMSIgaGVpZ2h0PSIxIiB4bWxucz0iaHR0cDovL3d3dy53My5vcmcvMjAwMC9zdmciPjwvc3ZnPg==\" style=\"--smush-placeholder-width: 1120px; --smush-placeholder-aspect-ratio: 1120\/872;\" \/><\/p>\n<p><strong>Renseignements additionnels au sujet des zones de rusticit\u00e9<\/strong><\/p>\n<table style=\"width: 50%; margin-left: auto; margin-right: auto;\" border=\"0\" cellspacing=\"1\" cellpadding=\"1\" align=\"center\">\n<tbody>\n<tr>\n<td colspan=\"4\">\n<p align=\"center\"><strong>Temp\u00e9ratures minimales annuelles moyennes<\/strong><\/p>\n<\/td>\n<\/tr>\n<tr>\n<td>\n<p align=\"center\">Zone 1<\/p>\n<\/td>\n<td>\n<p align=\"center\">\n<\/td>\n<td>\n<p align=\"center\">Au-dessous de<\/p>\n<\/td>\n<td>\n<p align=\"center\">-45\u00b0C<\/p>\n<\/td>\n<\/tr>\n<tr>\n<td>\n<p align=\"center\">Zone 2<\/p>\n<\/td>\n<td>\n<p align=\"center\">-45\u00b0C<\/p>\n<\/td>\n<td>\n<p align=\"center\">\u00e0<\/p>\n<\/td>\n<td>\n<p align=\"center\">-39\u00b0C<\/p>\n<\/td>\n<\/tr>\n<tr>\n<td>\n<p align=\"center\">Zone 3<\/p>\n<\/td>\n<td>\n<p align=\"center\">-39\u00b0C<\/p>\n<\/td>\n<td>\n<p align=\"center\">\u00e0<\/p>\n<\/td>\n<td>\n<p align=\"center\">-35\u00b0C<\/p>\n<\/td>\n<\/tr>\n<tr>\n<td>\n<p align=\"center\">Zone 4<\/p>\n<\/td>\n<td>\n<p align=\"center\">-35\u00b0C<\/p>\n<\/td>\n<td>\n<p align=\"center\">\u00e0<\/p>\n<\/td>\n<td>\n<p align=\"center\">-29\u00b0C<\/p>\n<\/td>\n<\/tr>\n<tr>\n<td>\n<p align=\"center\">Zone 5<\/p>\n<\/td>\n<td>\n<p align=\"center\">-29\u00b0C<\/p>\n<\/td>\n<td>\n<p align=\"center\">\u00e0<\/p>\n<\/td>\n<td>\n<p align=\"center\">-23\u00b0C<\/p>\n<\/td>\n<\/tr>\n<tr>\n<td>\n<p align=\"center\">Zone6<\/p>\n<\/td>\n<td>\n<p align=\"center\">-23\u00b0C<\/p>\n<\/td>\n<td>\n<p align=\"center\">\u00e0<\/p>\n<\/td>\n<td>\n<p align=\"center\">-18\u00b0C<\/p>\n<\/td>\n<\/tr>\n<tr>\n<td>\n<p align=\"center\">Zone 7<\/p>\n<\/td>\n<td>\n<p align=\"center\">-18\u00b0C<\/p>\n<\/td>\n<td>\n<p align=\"center\">\u00e0<\/p>\n<\/td>\n<td>\n<p align=\"center\">-12\u00b0C<\/p>\n<\/td>\n<\/tr>\n<tr>\n<td>\n<p align=\"center\">Zone 8<\/p>\n<\/td>\n<td>\n<p align=\"center\">-12\u00b0C<\/p>\n<\/td>\n<td>\n<p align=\"center\">\u00e0<\/p>\n<\/td>\n<td>\n<p align=\"center\">&#8211; 6\u00b0C<\/p>\n<\/td>\n<\/tr>\n<tr>\n<td>\n<p align=\"center\">Zone 9<\/p>\n<\/td>\n<td>\n<p align=\"center\">&#8211; 6\u00b0C<\/p>\n<\/td>\n<td>\n<p align=\"center\">\u00e0<\/p>\n<\/td>\n<td>\n<p align=\"center\">&#8211; 1\u00b0C<\/p>\n<\/td>\n<\/tr>\n<\/tbody>\n<\/table>\n<p><a href=\"https:\/\/sis.agr.gc.ca\/siscan\/nsdb\/climate\/hardiness\/index.html\" target=\"_blank\" rel=\"noopener noreferrer\">Consultez le site Web Agriculture et Agro-alimentaire Canada<\/a> \u00e0 la section Zones de rusticit\u00e9 des plantes au Canada<\/p>\n","protected":false},"excerpt":{"rendered":"<p>Pour obtenir les meilleurs r\u00e9sultats, assurez-vous que les semences que vous commandez sont recommand\u00e9es pour la zone de rusticit\u00e9 de votre r\u00e9gion. C&#8217;est facile de trouver votre zone de rusticit\u00e9 Dans la case Ma zone de rusticit\u00e9 de page web \u2022 Entrez votre code postal et ensuite \u00ab rechercher\u00bb = votre num\u00e9ro de zone s&#8217;affichera. [&hellip;]<\/p>\n","protected":false},"author":2,"featured_media":0,"parent":0,"menu_order":0,"comment_status":"closed","ping_status":"closed","template":"","meta":{"_acf_changed":false,"footnotes":""},"class_list":["post-159","page","type-page","status-publish","hentry"],"acf":[],"_links":{"self":[{"href":"https:\/\/whperron.com\/en\/wp-json\/wp\/v2\/pages\/159","targetHints":{"allow":["GET"]}}],"collection":[{"href":"https:\/\/whperron.com\/en\/wp-json\/wp\/v2\/pages"}],"about":[{"href":"https:\/\/whperron.com\/en\/wp-json\/wp\/v2\/types\/page"}],"author":[{"embeddable":true,"href":"https:\/\/whperron.com\/en\/wp-json\/wp\/v2\/users\/2"}],"replies":[{"embeddable":true,"href":"https:\/\/whperron.com\/en\/wp-json\/wp\/v2\/comments?post=159"}],"version-history":[{"count":0,"href":"https:\/\/whperron.com\/en\/wp-json\/wp\/v2\/pages\/159\/revisions"}],"wp:attachment":[{"href":"https:\/\/whperron.com\/en\/wp-json\/wp\/v2\/media?parent=159"}],"curies":[{"name":"wp","href":"https:\/\/api.w.org\/{rel}","templated":true}]}}