{"id":170,"date":"2021-10-13T22:06:46","date_gmt":"2021-10-13T22:06:46","guid":{"rendered":"https:\/\/whperron.com\/en\/return-policy\/"},"modified":"2026-03-03T13:07:05","modified_gmt":"2026-03-03T18:07:05","slug":"return-policy","status":"publish","type":"page","link":"https:\/\/whperron.com\/en\/return-policy\/","title":{"rendered":"Return policy"},"content":{"rendered":"<p>Si vous n\u2019\u00eates pas satisfait d\u2019un achat de semences chez W.H. Perron, retournez-le et nous le remplacerons sans discussion.<\/p>\n<p>Notre engagement est de vous offrir des semences saines et vigoureuses, qui r\u00e9pondent \u00e0 vos attentes. Toutes les semences retrouv\u00e9es dans le catalogue W.H. Perron rencontrent ou exc\u00e8dent les normes Canada #1. \u00a0Nous effectuons r\u00e9guli\u00e8rement des tests de germination, afin d&#8217;assurer des semences de qualit\u00e9 sup\u00e9rieure.<\/p>\n<p>Il faut noter que le succ\u00e8s du jardinage d\u00e9pend largement de conditions hors de notre contr\u00f4le.\u00a0 Si les soins appropri\u00e9s ont \u00e9t\u00e9 donn\u00e9s, mais\u00a0 vous n&#8217;\u00eates pas satisfait , nous le remplacerons.<\/p>\n<p>Vous avez entre trois (3) mois et une (1) ann\u00e9e, \u00e0 partir de la date de votre livraison, pour nous retourner une note explicative et la facture originale. Si votre produit n\u2019est plus disponible, nous rembourserons le montant total de l\u2019item retourn\u00e9.<\/p>\n<ul>\n<li><u>Pour les\u00a0<strong>fraises en motte, pommes de terre, ails et oignons<\/strong><\/u><strong>: vous avez trois (3) mois \u00e0 compter de la date de r\u00e9ception du produit, pour nous aviser, par \u00e9crit, que le produit n&#8217;est pas \u00e0 votre satisfaction.<\/strong><\/li>\n<li><u>Semences de fleurs vivaces:\u00a0<\/u>notre programme de garantie s&#8217;applique si vous commandez des semences de fleurs vivaces dont la zone de rusticit\u00e9 est \u00e9gale ou inf\u00e9rieure \u00e0 la v\u00f4tre.<\/li>\n<li><u>Semences:\u00a0<\/u>vous avez un (1) an, \u00e0 compter de la date de facturation, pour nous aviser, par \u00e9crit, qu&#8217;un produit n&#8217;est pas \u00e0 votre satisfaction.<\/li>\n<\/ul>\n","protected":false},"excerpt":{"rendered":"<p>Si vous n\u2019\u00eates pas satisfait d\u2019un achat de semences chez W.H. Perron, retournez-le et nous le remplacerons sans discussion. Notre engagement est de vous offrir des semences saines et vigoureuses, qui r\u00e9pondent \u00e0 vos attentes. Toutes les semences retrouv\u00e9es dans le catalogue W.H. Perron rencontrent ou exc\u00e8dent les normes Canada #1. \u00a0Nous effectuons r\u00e9guli\u00e8rement des [&hellip;]<\/p>\n","protected":false},"author":1,"featured_media":15963,"parent":0,"menu_order":0,"comment_status":"closed","ping_status":"closed","template":"","meta":{"_acf_changed":false,"footnotes":""},"class_list":["post-170","page","type-page","status-publish","has-post-thumbnail","hentry"],"acf":[],"_links":{"self":[{"href":"https:\/\/whperron.com\/en\/wp-json\/wp\/v2\/pages\/170","targetHints":{"allow":["GET"]}}],"collection":[{"href":"https:\/\/whperron.com\/en\/wp-json\/wp\/v2\/pages"}],"about":[{"href":"https:\/\/whperron.com\/en\/wp-json\/wp\/v2\/types\/page"}],"author":[{"embeddable":true,"href":"https:\/\/whperron.com\/en\/wp-json\/wp\/v2\/users\/1"}],"replies":[{"embeddable":true,"href":"https:\/\/whperron.com\/en\/wp-json\/wp\/v2\/comments?post=170"}],"version-history":[{"count":0,"href":"https:\/\/whperron.com\/en\/wp-json\/wp\/v2\/pages\/170\/revisions"}],"wp:featuredmedia":[{"embeddable":true,"href":"https:\/\/whperron.com\/en\/wp-json\/wp\/v2\/media\/15963"}],"wp:attachment":[{"href":"https:\/\/whperron.com\/en\/wp-json\/wp\/v2\/media?parent=170"}],"curies":[{"name":"wp","href":"https:\/\/api.w.org\/{rel}","templated":true}]}}