{"id":172,"date":"2021-10-13T22:09:27","date_gmt":"2021-10-13T22:09:27","guid":{"rendered":"https:\/\/whperron.com\/en\/who-are-we\/"},"modified":"2022-04-08T11:14:59","modified_gmt":"2022-04-08T11:14:59","slug":"who-are-we","status":"publish","type":"page","link":"https:\/\/whperron.com\/en\/who-are-we\/","title":{"rendered":"Who are we?"},"content":{"rendered":"<p style=\"text-align: left;\"><img decoding=\"async\" class=\"wp-image-2213 alignleft lazyload\" data-src=\"https:\/\/whperron.com\/wp-content\/uploads\/2020\/09\/Mr-Perron.jpg\" alt=\"\" width=\"362\" height=\"304\" src=\"data:image\/svg+xml;base64,PHN2ZyB3aWR0aD0iMSIgaGVpZ2h0PSIxIiB4bWxucz0iaHR0cDovL3d3dy53My5vcmcvMjAwMC9zdmciPjwvc3ZnPg==\" style=\"--smush-placeholder-width: 362px; --smush-placeholder-aspect-ratio: 362\/304;\" \/><\/p>\n<p style=\"text-align: left;\">Aujourd\u2019hui, <strong>W. H. Perron\u00a0est l<\/strong>a plus importante entreprise horticole en Am\u00e9rique du Nord et est fi\u00e8re d\u2019offrir plus de 90 ann\u00e9es d\u2019exp\u00e9rience dans le domaine \u00e0 ses clients.<\/p>\n<p>Chef de file connu pour la vente par correspondance de produits de premi\u00e8re qualit\u00e9 aux meilleurs prix : semences de fleurs annuelles, bisannuelles, sauvages et vivaces, vari\u00e9t\u00e9s de semences de l\u00e9gumes, l\u00e9gumes racines, l\u00e9gumes de serre, pour les jardins urbains; sans oublier les fines herbes, germes et pousses ainsi qu&#8217;une vari\u00e9t\u00e9 d&#8217;accessoires pour le jardinage ext\u00e9rieur ou pour semis int\u00e9rieurs.<\/p>\n<p>Notre catalogue\u00a0vous propose plus de 1,000 produits de premi\u00e8re qualit\u00e9, incluant vos favoris des ann\u00e9es pass\u00e9es et aussi les nouveaut\u00e9s de l&#8217;ann\u00e9e en cours.<\/p>\n<p>Nos acheteurs sont toujours \u00e0 l&#8217;aff\u00fbt de nouvelles vari\u00e9t\u00e9s et recherchent continuellement chez des hybrideurs \u00e0 travers le monde entier les vari\u00e9t\u00e9s qui r\u00e9pondront \u00e0 toutes vos exigences.<\/p>\n<p>Nous actualisons r\u00e9guli\u00e8rement notre s\u00e9lection de vari\u00e9t\u00e9s de semences hybrides, ce qui nous permet de vous offrir plus de choix\u00a0 et de rendre votre \u00a0jardinage plus facile.<\/p>\n<p>Chaque nouveau produit est scrupuleusement \u00e9valu\u00e9 dans nos champs d&#8217;essais et notre laboratoire de germination, avant d&#8217;\u00eatre offert \u00e0 notre client\u00e8le.<\/p>\n<p>Notre fiert\u00e9 est la satisfaction de nos clients.<\/p>\n<p><strong>L&#8217;\u00c9QUIPE W.H. PERRON<\/strong><\/p>\n","protected":false},"excerpt":{"rendered":"<p>Aujourd\u2019hui, W. H. Perron\u00a0est la plus importante entreprise horticole en Am\u00e9rique du Nord et est fi\u00e8re d\u2019offrir plus de 90 ann\u00e9es d\u2019exp\u00e9rience dans le domaine \u00e0 ses clients. Chef de file connu pour la vente par correspondance de produits de premi\u00e8re qualit\u00e9 aux meilleurs prix : semences de fleurs annuelles, bisannuelles, sauvages et vivaces, vari\u00e9t\u00e9s [&hellip;]<\/p>\n","protected":false},"author":1,"featured_media":173,"parent":0,"menu_order":0,"comment_status":"closed","ping_status":"closed","template":"","meta":{"_acf_changed":false,"footnotes":""},"class_list":["post-172","page","type-page","status-publish","has-post-thumbnail","hentry"],"acf":[],"_links":{"self":[{"href":"https:\/\/whperron.com\/en\/wp-json\/wp\/v2\/pages\/172","targetHints":{"allow":["GET"]}}],"collection":[{"href":"https:\/\/whperron.com\/en\/wp-json\/wp\/v2\/pages"}],"about":[{"href":"https:\/\/whperron.com\/en\/wp-json\/wp\/v2\/types\/page"}],"author":[{"embeddable":true,"href":"https:\/\/whperron.com\/en\/wp-json\/wp\/v2\/users\/1"}],"replies":[{"embeddable":true,"href":"https:\/\/whperron.com\/en\/wp-json\/wp\/v2\/comments?post=172"}],"version-history":[{"count":0,"href":"https:\/\/whperron.com\/en\/wp-json\/wp\/v2\/pages\/172\/revisions"}],"wp:featuredmedia":[{"embeddable":true,"href":"https:\/\/whperron.com\/en\/wp-json\/wp\/v2\/media\/173"}],"wp:attachment":[{"href":"https:\/\/whperron.com\/en\/wp-json\/wp\/v2\/media?parent=172"}],"curies":[{"name":"wp","href":"https:\/\/api.w.org\/{rel}","templated":true}]}}