{"id":3916,"date":"2021-11-05T16:46:57","date_gmt":"2021-11-05T16:46:57","guid":{"rendered":"https:\/\/whperron.com\/en\/product\/oriental-vegetables-joi-choi-f1\/"},"modified":"2026-04-28T11:44:03","modified_gmt":"2026-04-28T15:44:03","slug":"oriental-vegetables-joi-choi-f1","status":"publish","type":"product","link":"https:\/\/whperron.com\/en\/product\/oriental-vegetables-joi-choi-f1\/","title":{"rendered":"Oriental vegetables Jo\u00ef Cho\u00ef F1"},"content":{"rendered":"","protected":false},"excerpt":{"rendered":"<p>Pak Cho\u00ef type, non-bolting hybrid and productive variety. Vigorous plants of rapid growth, with nice long white stems and dark green foliage. Regularly used in Chinese cuisine. This cabbage will do well when cultivated during the summer or under dry conditions.<\/p>\n","protected":false},"featured_media":2022,"template":"","meta":{"_acf_changed":false,"wds_primary_exposition":0,"wds_primary_produit-formulations":0,"wds_primary_produit-couleurs":0,"wds_primary_product_brand":0,"wds_primary_product_cat":0},"product_brand":[],"product_cat":[489,424,434],"product_tag":[],"class_list":{"0":"post-3916","1":"product","2":"type-product","3":"status-publish","4":"has-post-thumbnail","6":"produit-formulations-treated","7":"product_cat-oriental-vegetables","8":"product_cat-vegetable-garden-seeds","9":"product_cat-vegetables","10":"pa_sales-formats-approx-50-s-p-treated","12":"first","13":"instock","14":"taxable","15":"shipping-taxable","16":"purchasable","17":"product-type-simple"},"acf":[],"_links":{"self":[{"href":"https:\/\/whperron.com\/en\/wp-json\/wp\/v2\/product\/3916","targetHints":{"allow":["GET"]}}],"collection":[{"href":"https:\/\/whperron.com\/en\/wp-json\/wp\/v2\/product"}],"about":[{"href":"https:\/\/whperron.com\/en\/wp-json\/wp\/v2\/types\/product"}],"wp:featuredmedia":[{"embeddable":true,"href":"https:\/\/whperron.com\/en\/wp-json\/wp\/v2\/media\/2022"}],"wp:attachment":[{"href":"https:\/\/whperron.com\/en\/wp-json\/wp\/v2\/media?parent=3916"}],"wp:term":[{"taxonomy":"product_brand","embeddable":true,"href":"https:\/\/whperron.com\/en\/wp-json\/wp\/v2\/product_brand?post=3916"},{"taxonomy":"product_cat","embeddable":true,"href":"https:\/\/whperron.com\/en\/wp-json\/wp\/v2\/product_cat?post=3916"},{"taxonomy":"product_tag","embeddable":true,"href":"https:\/\/whperron.com\/en\/wp-json\/wp\/v2\/product_tag?post=3916"}],"curies":[{"name":"wp","href":"https:\/\/api.w.org\/{rel}","templated":true}]}}